{"id":65223,"date":"2025-04-22T14:00:39","date_gmt":"2025-04-22T21:00:39","guid":{"rendered":"https:\/\/eltecolote.org\/content\/?page_id=65223"},"modified":"2025-05-05T11:32:02","modified_gmt":"2025-05-05T18:32:02","slug":"salud-mental","status":"publish","type":"page","link":"https:\/\/eltecolote.org\/content\/es\/salud-mental\/","title":{"rendered":"Salud mental para las comunidades latinas en San Francisco"},"content":{"rendered":"\n<div class=\"wp-block-columns is-layout-flex wp-container-core-columns-is-layout-9d6595d7 wp-block-columns-is-layout-flex\">\n<div class=\"wp-block-column is-layout-flow wp-block-column-is-layout-flow\" style=\"flex-basis:33.33%\">\t<div\n\t\tclass=\"wp-block-newspack-blocks-homepage-articles  wpnbha show-image image-aligntop ts-4 is-3 is-landscape  has-text-align-left\"\n\t\tstyle=\"\"\n\t\t>\n\t\t\t\t\t<style id=\"newspack-blocks-inline-css\" type=\"text\/css\">\t\t.wpnbha article .entry-title {\n\t\t\tfont-size: 1.2em;\n\t\t}\n\t\t.wpnbha .entry-meta {\n\t\t\tdisplay: flex;\n\t\t\tflex-wrap: wrap;\n\t\t\talign-items: center;\n\t\t\tmargin-top: 0.5em;\n\t\t}\n\t\t.wpnbha article .entry-meta {\n\t\t\tfont-size: 0.8em;\n\t\t}\n\t\t.wpnbha article .avatar {\n\t\t\theight: 25px;\n\t\t\twidth: 25px;\n\t\t}\n\t\t.wpnbha .post-thumbnail{\n\t\t\tmargin: 0;\n\t\t\tmargin-bottom: 0.25em;\n\t\t}\n\t\t.wpnbha .post-thumbnail img {\n\t\t\theight: auto;\n\t\t\twidth: 100%;\n\t\t}\n\t\t.wpnbha .post-thumbnail figcaption {\n\t\t\tmargin-bottom: 0.5em;\n\t\t}\n\t\t.wpnbha p {\n\t\t\tmargin: 0.5em 0;\n\t\t}\n\n\t\t\t<\/style>\n\t\t\t\t<div data-posts data-current-post-id=\"65223\">\n\t\t\t\t\t\t\n\t<article data-post-id=\"71548\"\n\t\tclass=\"category-voices type-post post-has-image\"\n\t\t\t\t>\n\t\t\t\t\t\t\t<figure class=\"post-thumbnail\">\n\t\t\t\t\t\t\t\t<a href=\"https:\/\/eltecolote.org\/content\/en\/mental-health-burnout-advice\/\" rel=\"bookmark\" tabindex=\"-1\" aria-hidden=\"true\">\n\t\t\t\t\t\t\t\t\t\t\t\t<img loading=\"lazy\" decoding=\"async\" width=\"1200\" height=\"900\" src=\"https:\/\/i0.wp.com\/eltecolote.org\/content\/wp-content\/uploads\/2026\/04\/Querida_Consejera-3-2.jpg?resize=1200%2C900&amp;quality=89&amp;ssl=1\" class=\"attachment-newspack-article-block-landscape-large size-newspack-article-block-landscape-large wp-post-image\" alt=\"Feeling burned out? What Jackie Fielder\u2019s hospitalization teaches us about mental health\" data-hero-candidate=\"1\" srcset=\"https:\/\/i0.wp.com\/eltecolote.org\/content\/wp-content\/uploads\/2026\/04\/Querida_Consejera-3-2.jpg?resize=1200%2C900&amp;quality=89&amp;ssl=1 1200w, https:\/\/i0.wp.com\/eltecolote.org\/content\/wp-content\/uploads\/2026\/04\/Querida_Consejera-3-2.jpg?resize=800%2C600&amp;quality=89&amp;ssl=1 800w, https:\/\/i0.wp.com\/eltecolote.org\/content\/wp-content\/uploads\/2026\/04\/Querida_Consejera-3-2.jpg?resize=600%2C450&amp;quality=89&amp;ssl=1 600w, https:\/\/i0.wp.com\/eltecolote.org\/content\/wp-content\/uploads\/2026\/04\/Querida_Consejera-3-2.jpg?resize=400%2C300&amp;quality=89&amp;ssl=1 400w, https:\/\/i0.wp.com\/eltecolote.org\/content\/wp-content\/uploads\/2026\/04\/Querida_Consejera-3-2.jpg?resize=200%2C150&amp;quality=89&amp;ssl=1 200w, https:\/\/i0.wp.com\/eltecolote.org\/content\/wp-content\/uploads\/2026\/04\/Querida_Consejera-3-2.jpg?zoom=2&amp;resize=1200%2C900&amp;quality=89&amp;ssl=1 2400w\" sizes=\"auto, (max-width: 34.9rem) calc(100vw - 2rem), (max-width: 53rem) calc(8 * (100vw \/ 12)), (min-width: 53rem) calc(6 * (100vw \/ 12)), 100vw\" \/>\t\t\t\t\t\t\t\t\t\t\t\t<\/a>\n\t\t\t\t\n\t\t\t\t\t\t\t<\/figure><!-- .featured-image -->\n\t\t\n\t\t<div class=\"entry-wrapper\">\n\t\t\t<h2 class=\"entry-title\"><a href=\"https:\/\/eltecolote.org\/content\/en\/mental-health-burnout-advice\/\" rel=\"bookmark\">Feeling burned out? What Jackie Fielder\u2019s hospitalization teaches us about mental health<\/a><\/h2>\t\t\t\t\t\t<p>Supervisor Jackie Fielder, who represents parts of San Francisco\u2019s Mission District, Portola, and Bernal Heights neighborhoods, has requested a leave of absence through the end of June after being hospitalized following a mental health crisis. As Latino communities continue working to destigmatize conversations around mental health, a broader question emerges: How do we recognize burnout?\u2026<\/p>\n\t\t\t\t<div class=\"entry-meta\">\n\t\t\t\t\t<time class=\"entry-date published\" datetime=\"2026-04-17T12:59:53\">April 17, 2026<\/time><time class=\"updated\" datetime=\"2026-04-17T13:11:10-07:00\">April 17, 2026<\/time>\t\t\t\t<\/div><!-- .entry-meta -->\n\t\t\t\t\t<\/div><!-- .entry-wrapper -->\n\t<\/article>\n\n\t\t\t\t<\/div>\n\t\t\n\t<\/div>\n\t<\/div>\n\n\n\n<div class=\"wp-block-column is-layout-flow wp-block-column-is-layout-flow\" style=\"flex-basis:66.66%\">\t<div\n\t\tclass=\"wp-block-newspack-blocks-homepage-articles  wpnbha show-image image-aligntop ts-4 is-3 is-landscape show-category  has-text-align-left\"\n\t\tstyle=\"\"\n\t\t>\n\t\t\t\t<div data-posts data-current-post-id=\"65223\">\n\t\t\t\t\t\t\n\t<article data-post-id=\"65507\"\n\t\tclass=\"category-noticias type-post post-has-image\"\n\t\t\t\t>\n\t\t\t\t\t\t\t<figure class=\"post-thumbnail\">\n\t\t\t\t\t\t\t\t<a href=\"https:\/\/eltecolote.org\/content\/es\/sf-latino-salud-mental-investigacion-2\/\" rel=\"bookmark\" tabindex=\"-1\" aria-hidden=\"true\">\n\t\t\t\t\t\t\t\t\t\t\t\t<img loading=\"lazy\" decoding=\"async\" width=\"1200\" height=\"900\" src=\"https:\/\/i0.wp.com\/eltecolote.org\/content\/wp-content\/uploads\/2025\/04\/FEBMAY2024-LONGCOVID-ET-PU-01-4-1-scaled.jpg?resize=1200%2C900&amp;quality=89&amp;ssl=1\" class=\"attachment-newspack-article-block-landscape-large size-newspack-article-block-landscape-large wp-post-image\" alt=\"Desde ba\u00f1os fr\u00edos hasta jugar a la loter\u00eda, las mujeres inmigrantes de SF est\u00e1n redefiniendo la salud mental\" data-hero-candidate=\"1\" srcset=\"https:\/\/i0.wp.com\/eltecolote.org\/content\/wp-content\/uploads\/2025\/04\/FEBMAY2024-LONGCOVID-ET-PU-01-4-1-scaled.jpg?resize=1200%2C900&amp;quality=89&amp;ssl=1 1200w, https:\/\/i0.wp.com\/eltecolote.org\/content\/wp-content\/uploads\/2025\/04\/FEBMAY2024-LONGCOVID-ET-PU-01-4-1-scaled.jpg?resize=800%2C600&amp;quality=89&amp;ssl=1 800w, https:\/\/i0.wp.com\/eltecolote.org\/content\/wp-content\/uploads\/2025\/04\/FEBMAY2024-LONGCOVID-ET-PU-01-4-1-scaled.jpg?resize=600%2C450&amp;quality=89&amp;ssl=1 600w, https:\/\/i0.wp.com\/eltecolote.org\/content\/wp-content\/uploads\/2025\/04\/FEBMAY2024-LONGCOVID-ET-PU-01-4-1-scaled.jpg?resize=400%2C300&amp;quality=89&amp;ssl=1 400w, https:\/\/i0.wp.com\/eltecolote.org\/content\/wp-content\/uploads\/2025\/04\/FEBMAY2024-LONGCOVID-ET-PU-01-4-1-scaled.jpg?resize=200%2C150&amp;quality=89&amp;ssl=1 200w, https:\/\/i0.wp.com\/eltecolote.org\/content\/wp-content\/uploads\/2025\/04\/FEBMAY2024-LONGCOVID-ET-PU-01-4-1-scaled.jpg?zoom=2&amp;resize=1200%2C900&amp;quality=89&amp;ssl=1 2400w\" sizes=\"auto, (max-width: 34.9rem) calc(100vw - 2rem), (max-width: 53rem) calc(8 * (100vw \/ 12)), (min-width: 53rem) calc(6 * (100vw \/ 12)), 100vw\" \/>\t\t\t\t\t\t\t\t\t\t\t\t<\/a>\n\t\t\t\t\n\t\t\t\t\t\t\t<\/figure><!-- .featured-image -->\n\t\t\n\t\t<div class=\"entry-wrapper\">\n\t\t\t\n\t\t\t\t<div class=\"cat-links \">\n\t\t\t\t\t<a href=\"https:\/\/eltecolote.org\/content\/es\/noticias\/\">Noticias<\/a>\t\t\t\t<\/div>\n\t\t\t\t<h2 class=\"entry-title\"><a href=\"https:\/\/eltecolote.org\/content\/es\/sf-latino-salud-mental-investigacion-2\/\" rel=\"bookmark\">Desde ba\u00f1os fr\u00edos hasta jugar a la loter\u00eda, las mujeres inmigrantes de SF est\u00e1n redefiniendo la salud mental<\/a><\/h2>\t\t\t\t\t\t<p>Las mujeres inmigrantes en San Francisco redefinen la salud mental desde adentro.<\/p>\n\t\t\t\t<div class=\"entry-meta\">\n\t\t\t\t\t<a href=\"https:\/\/eltecolote.org\/content\/author\/mariana-duran\/\"><img alt='' src='https:\/\/secure.gravatar.com\/avatar\/272b20c7c357ebfd5592323bbf7f585e300bae8a8add6c4a0e3080a169fdac2f?s=48&#038;d=mm&#038;r=g' srcset='https:\/\/secure.gravatar.com\/avatar\/272b20c7c357ebfd5592323bbf7f585e300bae8a8add6c4a0e3080a169fdac2f?s=96&#038;d=mm&#038;r=g 2x' class='avatar avatar-48 photo' height='48' width='48' \/><\/a>\t\t\t\t\t\t<span class=\"byline\">\n\t\t\t\t\t\t\t<span class=\"author-prefix\">by<\/span> <span class=\"author vcard\"><a class=\"url fn n\" href=\"https:\/\/eltecolote.org\/content\/author\/mariana-duran\/\">Mariana Duran<\/a><\/span>\t\t\t\t\t\t<\/span><!-- .author-name -->\n\t\t\t\t\t\t<time class=\"entry-date published\" datetime=\"2025-05-01T16:29:00\">May 1, 2025<\/time><time class=\"updated\" datetime=\"2025-05-01T16:29:48-07:00\">May 1, 2025<\/time>\t\t\t\t<\/div><!-- .entry-meta -->\n\t\t\t\t\t<\/div><!-- .entry-wrapper -->\n\t<\/article>\n\n\t\t\t\t<\/div>\n\t\t\n\t<\/div>\n\t<\/div>\n<\/div>\n\n\n\n<p><\/p>\n","protected":false},"excerpt":{"rendered":"<p>\u00daltimas noticias, recursos e historias sobre salud mental para las comunidades latinas que viven o trabajan en San Francisco.<\/p>\n","protected":false},"author":88891,"featured_media":0,"parent":0,"menu_order":0,"comment_status":"closed","ping_status":"closed","template":"single-wide.php","meta":{"newspack_popups_has_disabled_popups":false,"newspack_featured_image_position":"","newspack_hide_page_title":false,"newspack_show_share_buttons":false,"footnotes":""},"coauthors":[18460],"class_list":["post-65223","page","type-page","status-publish","hentry","entry"],"yoast_head":"<!-- This site is optimized with the Yoast SEO plugin v27.4 - https:\/\/yoast.com\/product\/yoast-seo-wordpress\/ -->\n<title>Salud mental para las comunidades latinas en San Francisco<\/title>\n<meta name=\"description\" content=\"\u00daltimas noticias, recursos e historias sobre salud mental para las comunidades latinas que viven o trabajan en San Francisco.\" \/>\n<meta name=\"robots\" content=\"index, follow, max-snippet:-1, max-image-preview:large, max-video-preview:-1\" \/>\n<link rel=\"canonical\" href=\"https:\/\/eltecolote.org\/content\/es\/salud-mental\/\" \/>\n<meta property=\"og:locale\" content=\"en_US\" \/>\n<meta property=\"og:type\" content=\"article\" \/>\n<meta property=\"og:title\" content=\"Salud mental para las comunidades latinas en San Francisco\" \/>\n<meta property=\"og:description\" content=\"\u00daltimas noticias, recursos e historias sobre salud mental para las comunidades latinas que viven o trabajan en San Francisco.\" \/>\n<meta property=\"og:url\" content=\"https:\/\/eltecolote.org\/content\/es\/salud-mental\/\" \/>\n<meta property=\"og:site_name\" content=\"El Tecolote\" \/>\n<meta property=\"article:publisher\" content=\"https:\/\/www.facebook.com\/ElTecoloteSF\/\" \/>\n<meta property=\"article:modified_time\" content=\"2025-05-05T18:32:02+00:00\" \/>\n<meta property=\"og:image\" content=\"https:\/\/i0.wp.com\/eltecolote.org\/content\/wp-content\/uploads\/2019\/10\/facebook.png?fit=8672%2C4960&quality=80&ssl=1\" \/>\n\t<meta property=\"og:image:width\" content=\"8672\" \/>\n\t<meta property=\"og:image:height\" content=\"4960\" \/>\n\t<meta property=\"og:image:type\" content=\"image\/png\" \/>\n<meta name=\"twitter:card\" content=\"summary_large_image\" \/>\n<meta name=\"twitter:site\" content=\"@eltecolotesf\" \/>\n<meta name=\"twitter:label1\" content=\"Written by\" \/>\n\t<meta name=\"twitter:data1\" content=\"El Tecolote Staff\" \/>\n<script type=\"application\/ld+json\" class=\"yoast-schema-graph\">{\"@context\":\"https:\\\/\\\/schema.org\",\"@graph\":[{\"@type\":\"WebPage\",\"@id\":\"https:\\\/\\\/eltecolote.org\\\/content\\\/es\\\/salud-mental\\\/\",\"url\":\"https:\\\/\\\/eltecolote.org\\\/content\\\/es\\\/salud-mental\\\/\",\"name\":\"Salud mental para las comunidades latinas en San Francisco\",\"isPartOf\":{\"@id\":\"https:\\\/\\\/eltecolote.org\\\/content\\\/#website\"},\"datePublished\":\"2025-04-22T21:00:39+00:00\",\"dateModified\":\"2025-05-05T18:32:02+00:00\",\"description\":\"\u00daltimas noticias, recursos e historias sobre salud mental para las comunidades latinas que viven o trabajan en San Francisco.\",\"inLanguage\":\"en\",\"potentialAction\":[{\"@type\":\"ReadAction\",\"target\":[\"https:\\\/\\\/eltecolote.org\\\/content\\\/es\\\/salud-mental\\\/\"]}]},{\"@type\":\"WebSite\",\"@id\":\"https:\\\/\\\/eltecolote.org\\\/content\\\/#website\",\"url\":\"https:\\\/\\\/eltecolote.org\\\/content\\\/\",\"name\":\"El Tecolote\",\"description\":\"San Francisco's Latinx newspaper since 1970\",\"publisher\":{\"@id\":\"https:\\\/\\\/eltecolote.org\\\/content\\\/#organization\"},\"potentialAction\":[{\"@type\":\"SearchAction\",\"target\":{\"@type\":\"EntryPoint\",\"urlTemplate\":\"https:\\\/\\\/eltecolote.org\\\/content\\\/?s={search_term_string}\"},\"query-input\":{\"@type\":\"PropertyValueSpecification\",\"valueRequired\":true,\"valueName\":\"search_term_string\"}}],\"inLanguage\":\"en\"},{\"@type\":\"Organization\",\"@id\":\"https:\\\/\\\/eltecolote.org\\\/content\\\/#organization\",\"name\":\"El Tecolote\",\"url\":\"https:\\\/\\\/eltecolote.org\\\/content\\\/\",\"logo\":{\"@type\":\"ImageObject\",\"inLanguage\":\"en\",\"@id\":\"https:\\\/\\\/eltecolote.org\\\/content\\\/#\\\/schema\\\/logo\\\/image\\\/\",\"url\":\"https:\\\/\\\/i0.wp.com\\\/eltecolote.org\\\/content\\\/wp-content\\\/uploads\\\/2021\\\/05\\\/ETlogo-1.jpg?fit=400%2C400&ssl=1\",\"contentUrl\":\"https:\\\/\\\/i0.wp.com\\\/eltecolote.org\\\/content\\\/wp-content\\\/uploads\\\/2021\\\/05\\\/ETlogo-1.jpg?fit=400%2C400&ssl=1\",\"width\":400,\"height\":400,\"caption\":\"El Tecolote\"},\"image\":{\"@id\":\"https:\\\/\\\/eltecolote.org\\\/content\\\/#\\\/schema\\\/logo\\\/image\\\/\"},\"sameAs\":[\"https:\\\/\\\/www.facebook.com\\\/ElTecoloteSF\\\/\",\"https:\\\/\\\/x.com\\\/eltecolotesf\",\"https:\\\/\\\/www.instagram.com\\\/eltecolotesf\\\/\"]}]}<\/script>\n<!-- \/ Yoast SEO plugin. -->","yoast_head_json":{"title":"Salud mental para las comunidades latinas en San Francisco","description":"\u00daltimas noticias, recursos e historias sobre salud mental para las comunidades latinas que viven o trabajan en San Francisco.","robots":{"index":"index","follow":"follow","max-snippet":"max-snippet:-1","max-image-preview":"max-image-preview:large","max-video-preview":"max-video-preview:-1"},"canonical":"https:\/\/eltecolote.org\/content\/es\/salud-mental\/","og_locale":"en_US","og_type":"article","og_title":"Salud mental para las comunidades latinas en San Francisco","og_description":"\u00daltimas noticias, recursos e historias sobre salud mental para las comunidades latinas que viven o trabajan en San Francisco.","og_url":"https:\/\/eltecolote.org\/content\/es\/salud-mental\/","og_site_name":"El Tecolote","article_publisher":"https:\/\/www.facebook.com\/ElTecoloteSF\/","article_modified_time":"2025-05-05T18:32:02+00:00","og_image":[{"width":8672,"height":4960,"url":"https:\/\/i0.wp.com\/eltecolote.org\/content\/wp-content\/uploads\/2019\/10\/facebook.png?fit=8672%2C4960&quality=80&ssl=1","type":"image\/png"}],"twitter_card":"summary_large_image","twitter_site":"@eltecolotesf","twitter_misc":{"Written by":"El Tecolote Staff"},"schema":{"@context":"https:\/\/schema.org","@graph":[{"@type":"WebPage","@id":"https:\/\/eltecolote.org\/content\/es\/salud-mental\/","url":"https:\/\/eltecolote.org\/content\/es\/salud-mental\/","name":"Salud mental para las comunidades latinas en San Francisco","isPartOf":{"@id":"https:\/\/eltecolote.org\/content\/#website"},"datePublished":"2025-04-22T21:00:39+00:00","dateModified":"2025-05-05T18:32:02+00:00","description":"\u00daltimas noticias, recursos e historias sobre salud mental para las comunidades latinas que viven o trabajan en San Francisco.","inLanguage":"en","potentialAction":[{"@type":"ReadAction","target":["https:\/\/eltecolote.org\/content\/es\/salud-mental\/"]}]},{"@type":"WebSite","@id":"https:\/\/eltecolote.org\/content\/#website","url":"https:\/\/eltecolote.org\/content\/","name":"El Tecolote","description":"San Francisco's Latinx newspaper since 1970","publisher":{"@id":"https:\/\/eltecolote.org\/content\/#organization"},"potentialAction":[{"@type":"SearchAction","target":{"@type":"EntryPoint","urlTemplate":"https:\/\/eltecolote.org\/content\/?s={search_term_string}"},"query-input":{"@type":"PropertyValueSpecification","valueRequired":true,"valueName":"search_term_string"}}],"inLanguage":"en"},{"@type":"Organization","@id":"https:\/\/eltecolote.org\/content\/#organization","name":"El Tecolote","url":"https:\/\/eltecolote.org\/content\/","logo":{"@type":"ImageObject","inLanguage":"en","@id":"https:\/\/eltecolote.org\/content\/#\/schema\/logo\/image\/","url":"https:\/\/i0.wp.com\/eltecolote.org\/content\/wp-content\/uploads\/2021\/05\/ETlogo-1.jpg?fit=400%2C400&ssl=1","contentUrl":"https:\/\/i0.wp.com\/eltecolote.org\/content\/wp-content\/uploads\/2021\/05\/ETlogo-1.jpg?fit=400%2C400&ssl=1","width":400,"height":400,"caption":"El Tecolote"},"image":{"@id":"https:\/\/eltecolote.org\/content\/#\/schema\/logo\/image\/"},"sameAs":["https:\/\/www.facebook.com\/ElTecoloteSF\/","https:\/\/x.com\/eltecolotesf","https:\/\/www.instagram.com\/eltecolotesf\/"]}]}},"distributor_meta":false,"distributor_terms":false,"distributor_media":false,"distributor_original_site_name":"El Tecolote","distributor_original_site_url":"https:\/\/eltecolote.org\/content","push-errors":false,"_links":{"self":[{"href":"https:\/\/eltecolote.org\/content\/wp-json\/wp\/v2\/pages\/65223","targetHints":{"allow":["GET"]}}],"collection":[{"href":"https:\/\/eltecolote.org\/content\/wp-json\/wp\/v2\/pages"}],"about":[{"href":"https:\/\/eltecolote.org\/content\/wp-json\/wp\/v2\/types\/page"}],"author":[{"embeddable":true,"href":"https:\/\/eltecolote.org\/content\/wp-json\/wp\/v2\/users\/88891"}],"replies":[{"embeddable":true,"href":"https:\/\/eltecolote.org\/content\/wp-json\/wp\/v2\/comments?post=65223"}],"version-history":[{"count":4,"href":"https:\/\/eltecolote.org\/content\/wp-json\/wp\/v2\/pages\/65223\/revisions"}],"predecessor-version":[{"id":65601,"href":"https:\/\/eltecolote.org\/content\/wp-json\/wp\/v2\/pages\/65223\/revisions\/65601"}],"wp:attachment":[{"href":"https:\/\/eltecolote.org\/content\/wp-json\/wp\/v2\/media?parent=65223"}],"wp:term":[{"taxonomy":"author","embeddable":true,"href":"https:\/\/eltecolote.org\/content\/wp-json\/wp\/v2\/coauthors?post=65223"}],"curies":[{"name":"wp","href":"https:\/\/api.w.org\/{rel}","templated":true}]}}