{"id":33699,"date":"2017-04-17T16:27:45","date_gmt":"2017-04-17T23:27:45","guid":{"rendered":"http:\/\/eltecolote.org\/content\/?page_id=33699"},"modified":"2025-12-04T12:49:07","modified_gmt":"2025-12-04T20:49:07","slug":"suscribase","status":"publish","type":"page","link":"https:\/\/eltecolote.org\/content\/es\/suscribase\/","title":{"rendered":"Suscribase"},"content":{"rendered":"<h1><strong>Tarifas de Suscripciones para El Tecolote 2026<\/strong><\/h1>\n<p>Nuestras tarifas de suscripci\u00f3n actuales aseguran que cada suscriptor reciba una copia por correo dentro de dos d\u00edas desde su publicaci\u00f3n y cubre todos los gastos de env\u00edo.<\/p>\n<p>Nuestra suscripci\u00f3n anual incluye un total de 25 emisiones y las tarifas son las siguientes:<\/p>\n<p><strong>$100<\/strong> Personas de la tercera edad (62+)<br \/><strong>$160 <\/strong>Personas<br \/><strong>$320<\/strong> Organizaciones \/ Instituciones \/ bibliotecas<\/p>\n<p>Aceptamos m\u00e9todos de pago en efectivo, <a href=\"https:\/\/app.mobilecause.com\/form\/PT45Bg?utm_campaign=membership&amp;utm_medium=page&amp;utm_source=embed&amp;vid=887t1\"><span style=\"color: #ba1c1c;\">cr\u00e9dito<\/span><\/a> o cheques que pueden ser enviados directamente a nuestras oficinas en: El Tecolote Newspaper, 2958 24th Street, San Francisco, CA, 94110<\/p>\n<p>Por favor contacte a <span style=\"color: #ba1c1c;\"><a style=\"color: #ba1c1c;\" href=\"mailto:subscriptions@eltecolote.org\">subscriptions@eltecolote.org<\/a><\/span>\u00a0para m\u00e1s informaci\u00f3n.<\/p>\n\n\n<div class=\"wp-block-buttons is-content-justification-center is-layout-flex wp-container-core-buttons-is-layout-16018d1d wp-block-buttons-is-layout-flex\">\n<div class=\"wp-block-button\"><a class=\"wp-block-button__link wp-element-button\" href=\"https:\/\/fundraise.givesmart.com\/f\/5ri1\/n?vid=1mqb2r\">Suscribase<\/a><\/div>\n<\/div>\n\n\n\n<p><\/p>\n","protected":false},"excerpt":{"rendered":"<p>Tarifas de Suscripciones para El Tecolote 2026 Nuestras tarifas de suscripci\u00f3n actuales aseguran que cada suscriptor reciba una copia por correo dentro de dos d\u00edas desde su publicaci\u00f3n y cubre todos los gastos de env\u00edo. Nuestra suscripci\u00f3n anual incluye un total de 25 emisiones y las tarifas son las siguientes: $100 Personas de la tercera [&hellip;]<\/p>\n","protected":false},"author":35,"featured_media":0,"parent":0,"menu_order":0,"comment_status":"closed","ping_status":"closed","template":"","meta":{"newspack_popups_has_disabled_popups":false,"newspack_featured_image_position":"","newspack_hide_page_title":false,"newspack_show_share_buttons":false,"footnotes":""},"coauthors":[18445],"class_list":["post-33699","page","type-page","status-publish","hentry","entry"],"yoast_head":"<!-- This site is optimized with the Yoast SEO plugin v27.4 - https:\/\/yoast.com\/product\/yoast-seo-wordpress\/ -->\n<title>Suscribase - El Tecolote<\/title>\n<meta name=\"description\" content=\"Tarifas de Suscripciones para El Tecolote 2026 Nuestras tarifas de suscripci\u00f3n actuales aseguran que cada suscriptor reciba una copia por correo dentro de\" \/>\n<meta name=\"robots\" content=\"index, follow, max-snippet:-1, max-image-preview:large, max-video-preview:-1\" \/>\n<link rel=\"canonical\" href=\"https:\/\/eltecolote.org\/content\/es\/suscribase\/\" \/>\n<meta property=\"og:locale\" content=\"en_US\" \/>\n<meta property=\"og:type\" content=\"article\" \/>\n<meta property=\"og:title\" content=\"Suscribase - El Tecolote\" \/>\n<meta property=\"og:description\" content=\"Tarifas de Suscripciones para El Tecolote 2026 Nuestras tarifas de suscripci\u00f3n actuales aseguran que cada suscriptor reciba una copia por correo dentro de\" \/>\n<meta property=\"og:url\" content=\"https:\/\/eltecolote.org\/content\/es\/suscribase\/\" \/>\n<meta property=\"og:site_name\" content=\"El Tecolote\" \/>\n<meta property=\"article:publisher\" content=\"https:\/\/www.facebook.com\/ElTecoloteSF\/\" \/>\n<meta property=\"article:modified_time\" content=\"2025-12-04T20:49:07+00:00\" \/>\n<meta property=\"og:image\" content=\"https:\/\/i0.wp.com\/eltecolote.org\/content\/wp-content\/uploads\/2019\/10\/facebook.png?fit=8672%2C4960&quality=80&ssl=1\" \/>\n\t<meta property=\"og:image:width\" content=\"8672\" \/>\n\t<meta property=\"og:image:height\" content=\"4960\" \/>\n\t<meta property=\"og:image:type\" content=\"image\/png\" \/>\n<meta name=\"twitter:card\" content=\"summary_large_image\" \/>\n<meta name=\"twitter:site\" content=\"@eltecolotesf\" \/>\n<meta name=\"twitter:label1\" content=\"Est. reading time\" \/>\n\t<meta name=\"twitter:data1\" content=\"1 minute\" \/>\n\t<meta name=\"twitter:label2\" content=\"Written by\" \/>\n\t<meta name=\"twitter:data2\" content=\"El Tecolote Staff\" \/>\n<script type=\"application\/ld+json\" class=\"yoast-schema-graph\">{\"@context\":\"https:\\\/\\\/schema.org\",\"@graph\":[{\"@type\":\"WebPage\",\"@id\":\"https:\\\/\\\/eltecolote.org\\\/content\\\/es\\\/suscribase\\\/\",\"url\":\"https:\\\/\\\/eltecolote.org\\\/content\\\/es\\\/suscribase\\\/\",\"name\":\"Suscribase - El Tecolote\",\"isPartOf\":{\"@id\":\"https:\\\/\\\/eltecolote.org\\\/content\\\/#website\"},\"datePublished\":\"2017-04-17T23:27:45+00:00\",\"dateModified\":\"2025-12-04T20:49:07+00:00\",\"description\":\"Tarifas de Suscripciones para El Tecolote 2026 Nuestras tarifas de suscripci\u00f3n actuales aseguran que cada suscriptor reciba una copia por correo dentro de\",\"inLanguage\":\"en\",\"potentialAction\":[{\"@type\":\"ReadAction\",\"target\":[\"https:\\\/\\\/eltecolote.org\\\/content\\\/es\\\/suscribase\\\/\"]}]},{\"@type\":\"WebSite\",\"@id\":\"https:\\\/\\\/eltecolote.org\\\/content\\\/#website\",\"url\":\"https:\\\/\\\/eltecolote.org\\\/content\\\/\",\"name\":\"El Tecolote\",\"description\":\"San Francisco's Latinx newspaper since 1970\",\"publisher\":{\"@id\":\"https:\\\/\\\/eltecolote.org\\\/content\\\/#organization\"},\"potentialAction\":[{\"@type\":\"SearchAction\",\"target\":{\"@type\":\"EntryPoint\",\"urlTemplate\":\"https:\\\/\\\/eltecolote.org\\\/content\\\/?s={search_term_string}\"},\"query-input\":{\"@type\":\"PropertyValueSpecification\",\"valueRequired\":true,\"valueName\":\"search_term_string\"}}],\"inLanguage\":\"en\"},{\"@type\":\"Organization\",\"@id\":\"https:\\\/\\\/eltecolote.org\\\/content\\\/#organization\",\"name\":\"El Tecolote\",\"url\":\"https:\\\/\\\/eltecolote.org\\\/content\\\/\",\"logo\":{\"@type\":\"ImageObject\",\"inLanguage\":\"en\",\"@id\":\"https:\\\/\\\/eltecolote.org\\\/content\\\/#\\\/schema\\\/logo\\\/image\\\/\",\"url\":\"https:\\\/\\\/i0.wp.com\\\/eltecolote.org\\\/content\\\/wp-content\\\/uploads\\\/2021\\\/05\\\/ETlogo-1.jpg?fit=400%2C400&ssl=1\",\"contentUrl\":\"https:\\\/\\\/i0.wp.com\\\/eltecolote.org\\\/content\\\/wp-content\\\/uploads\\\/2021\\\/05\\\/ETlogo-1.jpg?fit=400%2C400&ssl=1\",\"width\":400,\"height\":400,\"caption\":\"El Tecolote\"},\"image\":{\"@id\":\"https:\\\/\\\/eltecolote.org\\\/content\\\/#\\\/schema\\\/logo\\\/image\\\/\"},\"sameAs\":[\"https:\\\/\\\/www.facebook.com\\\/ElTecoloteSF\\\/\",\"https:\\\/\\\/x.com\\\/eltecolotesf\",\"https:\\\/\\\/www.instagram.com\\\/eltecolotesf\\\/\"]}]}<\/script>\n<!-- \/ Yoast SEO plugin. -->","yoast_head_json":{"title":"Suscribase - El Tecolote","description":"Tarifas de Suscripciones para El Tecolote 2026 Nuestras tarifas de suscripci\u00f3n actuales aseguran que cada suscriptor reciba una copia por correo dentro de","robots":{"index":"index","follow":"follow","max-snippet":"max-snippet:-1","max-image-preview":"max-image-preview:large","max-video-preview":"max-video-preview:-1"},"canonical":"https:\/\/eltecolote.org\/content\/es\/suscribase\/","og_locale":"en_US","og_type":"article","og_title":"Suscribase - El Tecolote","og_description":"Tarifas de Suscripciones para El Tecolote 2026 Nuestras tarifas de suscripci\u00f3n actuales aseguran que cada suscriptor reciba una copia por correo dentro de","og_url":"https:\/\/eltecolote.org\/content\/es\/suscribase\/","og_site_name":"El Tecolote","article_publisher":"https:\/\/www.facebook.com\/ElTecoloteSF\/","article_modified_time":"2025-12-04T20:49:07+00:00","og_image":[{"width":8672,"height":4960,"url":"https:\/\/i0.wp.com\/eltecolote.org\/content\/wp-content\/uploads\/2019\/10\/facebook.png?fit=8672%2C4960&quality=80&ssl=1","type":"image\/png"}],"twitter_card":"summary_large_image","twitter_site":"@eltecolotesf","twitter_misc":{"Est. reading time":"1 minute","Written by":"El Tecolote Staff"},"schema":{"@context":"https:\/\/schema.org","@graph":[{"@type":"WebPage","@id":"https:\/\/eltecolote.org\/content\/es\/suscribase\/","url":"https:\/\/eltecolote.org\/content\/es\/suscribase\/","name":"Suscribase - El Tecolote","isPartOf":{"@id":"https:\/\/eltecolote.org\/content\/#website"},"datePublished":"2017-04-17T23:27:45+00:00","dateModified":"2025-12-04T20:49:07+00:00","description":"Tarifas de Suscripciones para El Tecolote 2026 Nuestras tarifas de suscripci\u00f3n actuales aseguran que cada suscriptor reciba una copia por correo dentro de","inLanguage":"en","potentialAction":[{"@type":"ReadAction","target":["https:\/\/eltecolote.org\/content\/es\/suscribase\/"]}]},{"@type":"WebSite","@id":"https:\/\/eltecolote.org\/content\/#website","url":"https:\/\/eltecolote.org\/content\/","name":"El Tecolote","description":"San Francisco's Latinx newspaper since 1970","publisher":{"@id":"https:\/\/eltecolote.org\/content\/#organization"},"potentialAction":[{"@type":"SearchAction","target":{"@type":"EntryPoint","urlTemplate":"https:\/\/eltecolote.org\/content\/?s={search_term_string}"},"query-input":{"@type":"PropertyValueSpecification","valueRequired":true,"valueName":"search_term_string"}}],"inLanguage":"en"},{"@type":"Organization","@id":"https:\/\/eltecolote.org\/content\/#organization","name":"El Tecolote","url":"https:\/\/eltecolote.org\/content\/","logo":{"@type":"ImageObject","inLanguage":"en","@id":"https:\/\/eltecolote.org\/content\/#\/schema\/logo\/image\/","url":"https:\/\/i0.wp.com\/eltecolote.org\/content\/wp-content\/uploads\/2021\/05\/ETlogo-1.jpg?fit=400%2C400&ssl=1","contentUrl":"https:\/\/i0.wp.com\/eltecolote.org\/content\/wp-content\/uploads\/2021\/05\/ETlogo-1.jpg?fit=400%2C400&ssl=1","width":400,"height":400,"caption":"El Tecolote"},"image":{"@id":"https:\/\/eltecolote.org\/content\/#\/schema\/logo\/image\/"},"sameAs":["https:\/\/www.facebook.com\/ElTecoloteSF\/","https:\/\/x.com\/eltecolotesf","https:\/\/www.instagram.com\/eltecolotesf\/"]}]}},"distributor_meta":false,"distributor_terms":false,"distributor_media":false,"distributor_original_site_name":"El Tecolote","distributor_original_site_url":"https:\/\/eltecolote.org\/content","push-errors":false,"_links":{"self":[{"href":"https:\/\/eltecolote.org\/content\/wp-json\/wp\/v2\/pages\/33699","targetHints":{"allow":["GET"]}}],"collection":[{"href":"https:\/\/eltecolote.org\/content\/wp-json\/wp\/v2\/pages"}],"about":[{"href":"https:\/\/eltecolote.org\/content\/wp-json\/wp\/v2\/types\/page"}],"author":[{"embeddable":true,"href":"https:\/\/eltecolote.org\/content\/wp-json\/wp\/v2\/users\/35"}],"replies":[{"embeddable":true,"href":"https:\/\/eltecolote.org\/content\/wp-json\/wp\/v2\/comments?post=33699"}],"version-history":[{"count":5,"href":"https:\/\/eltecolote.org\/content\/wp-json\/wp\/v2\/pages\/33699\/revisions"}],"predecessor-version":[{"id":69706,"href":"https:\/\/eltecolote.org\/content\/wp-json\/wp\/v2\/pages\/33699\/revisions\/69706"}],"wp:attachment":[{"href":"https:\/\/eltecolote.org\/content\/wp-json\/wp\/v2\/media?parent=33699"}],"wp:term":[{"taxonomy":"author","embeddable":true,"href":"https:\/\/eltecolote.org\/content\/wp-json\/wp\/v2\/coauthors?post=33699"}],"curies":[{"name":"wp","href":"https:\/\/api.w.org\/{rel}","templated":true}]}}