{"id":24818,"date":"2014-11-05T00:59:47","date_gmt":"2014-11-05T07:59:47","guid":{"rendered":"http:\/\/eltecolote.org\/content\/?page_id=24818"},"modified":"2014-11-05T00:59:47","modified_gmt":"2014-11-05T07:59:47","slug":"donar-2","status":"publish","type":"page","link":"https:\/\/eltecolote.org\/content\/es\/donar-2\/","title":{"rendered":"Donar"},"content":{"rendered":"<p>H\u00e1ganse amigos con El Tecolote. Adem\u00e1s de cubrir noticias, El Tecolote ofrece entrenamiento period\u00edstico para estudiantes y personas de la comunidad, desarrolla proyectos con artistas y apoya a organizaciones y agencias comunitarias.<\/p>\n<p>Apoyen El Tecolote, un medio de comunicaci\u00f3n nacido del seno del barrio de la Misi\u00f3n en el a\u00f1o 1970. Acci\u00f3n Latina, una organizaci\u00f3n sin fines de lucro que sirve a la comunidad latina de San Francisco, publica El Tecolote. Todas sus donaciones son deducibles de impuestos.<\/p>\n<p><a href=\"https:\/\/www.networkforgood.org\/donation\/ExpressDonation.aspx?ORGID2=94-3039956\"><img data-recalc-dims=\"1\" decoding=\"async\" class=\"size-medium wp-image-285 aligncenter\" src=\"https:\/\/i0.wp.com\/eltecolote.iamryfl.com\/wp-content\/uploads\/2014\/07\/el-tecolote_donate.png?w=600&#038;quality=80\" alt=\"el-tecolote_donate\"  \/><\/a><\/p>\n<h4><strong>Listado de Cosas Que Quisi\u00e9ramos Tener<\/strong><\/h4>\n<ul>\n<li>Sony Handycam HDR-HC9 Camcorder \/ c\u00e1mara de video<\/li>\n<li>Police Scanner<\/li>\n<li>Zoom H4n Portable Digital Recorder (2) \/ grabadora de sonido<\/li>\n<li>Adobe Creative Suite 5 \/ programas de dise\u00f1o<\/li>\n<li>AAdobe Lightroom 3 \/ para organizar y editar fotograf\u00edas<\/li>\n<li>Apple Final Cut Pro 7 \/ para editar multimedia<\/li>\n<\/ul>\n<p>[contact-form-7 id=&#8221;291&#8243; title=&#8221;Contact Form Donate&#8221;]<\/p>\n<p>&nbsp;<\/p>\n","protected":false},"excerpt":{"rendered":"<p>H\u00e1ganse amigos con El Tecolote. Adem\u00e1s de cubrir noticias, El Tecolote ofrece entrenamiento period\u00edstico para estudiantes y personas de la comunidad, desarrolla proyectos con artistas y apoya a organizaciones y agencias comunitarias. Apoyen El Tecolote, un medio de comunicaci\u00f3n nacido del seno del barrio de la Misi\u00f3n en el a\u00f1o 1970. Acci\u00f3n Latina, una organizaci\u00f3n [&hellip;]<\/p>\n","protected":false},"author":35,"featured_media":0,"parent":0,"menu_order":0,"comment_status":"open","ping_status":"closed","template":"","meta":{"newspack_popups_has_disabled_popups":false,"newspack_featured_image_position":"","newspack_hide_page_title":false,"newspack_show_share_buttons":false,"footnotes":""},"coauthors":[],"class_list":["post-24818","page","type-page","status-publish","hentry","entry"],"yoast_head":"<!-- This site is optimized with the Yoast SEO plugin v27.4 - https:\/\/yoast.com\/product\/yoast-seo-wordpress\/ -->\n<title>Donar - El Tecolote<\/title>\n<meta name=\"description\" content=\"H\u00e1ganse amigos con El Tecolote. Adem\u00e1s de cubrir noticias, El Tecolote ofrece entrenamiento period\u00edstico para estudiantes y personas de la comunidad,\" \/>\n<meta name=\"robots\" content=\"index, follow, max-snippet:-1, max-image-preview:large, max-video-preview:-1\" \/>\n<link rel=\"canonical\" href=\"https:\/\/eltecolote.org\/content\/es\/donar-2\/\" \/>\n<meta property=\"og:locale\" content=\"en_US\" \/>\n<meta property=\"og:type\" content=\"article\" \/>\n<meta property=\"og:title\" content=\"Donar - El Tecolote\" \/>\n<meta property=\"og:description\" content=\"H\u00e1ganse amigos con El Tecolote. Adem\u00e1s de cubrir noticias, El Tecolote ofrece entrenamiento period\u00edstico para estudiantes y personas de la comunidad,\" \/>\n<meta property=\"og:url\" content=\"https:\/\/eltecolote.org\/content\/es\/donar-2\/\" \/>\n<meta property=\"og:site_name\" content=\"El Tecolote\" \/>\n<meta property=\"article:publisher\" content=\"https:\/\/www.facebook.com\/ElTecoloteSF\/\" \/>\n<meta property=\"og:image\" content=\"http:\/\/eltecolote.iamryfl.com\/wp-content\/uploads\/2014\/07\/el-tecolote_donate.png\" \/>\n<meta name=\"twitter:card\" content=\"summary_large_image\" \/>\n<meta name=\"twitter:site\" content=\"@eltecolotesf\" \/>\n<meta name=\"twitter:label1\" content=\"Est. reading time\" \/>\n\t<meta name=\"twitter:data1\" content=\"1 minute\" \/>\n\t<meta name=\"twitter:label2\" content=\"Written by\" \/>\n\t<meta name=\"twitter:data2\" content=\"El Tecolote Staff\" \/>\n<script type=\"application\/ld+json\" class=\"yoast-schema-graph\">{\"@context\":\"https:\\\/\\\/schema.org\",\"@graph\":[{\"@type\":\"WebPage\",\"@id\":\"https:\\\/\\\/eltecolote.org\\\/content\\\/es\\\/donar-2\\\/\",\"url\":\"https:\\\/\\\/eltecolote.org\\\/content\\\/es\\\/donar-2\\\/\",\"name\":\"Donar - El Tecolote\",\"isPartOf\":{\"@id\":\"https:\\\/\\\/eltecolote.org\\\/content\\\/#website\"},\"primaryImageOfPage\":{\"@id\":\"https:\\\/\\\/eltecolote.org\\\/content\\\/es\\\/donar-2\\\/#primaryimage\"},\"image\":{\"@id\":\"https:\\\/\\\/eltecolote.org\\\/content\\\/es\\\/donar-2\\\/#primaryimage\"},\"thumbnailUrl\":\"http:\\\/\\\/eltecolote.iamryfl.com\\\/wp-content\\\/uploads\\\/2014\\\/07\\\/el-tecolote_donate.png\",\"datePublished\":\"2014-11-05T07:59:47+00:00\",\"description\":\"H\u00e1ganse amigos con El Tecolote. Adem\u00e1s de cubrir noticias, El Tecolote ofrece entrenamiento period\u00edstico para estudiantes y personas de la comunidad,\",\"inLanguage\":\"en\",\"potentialAction\":[{\"@type\":\"ReadAction\",\"target\":[\"https:\\\/\\\/eltecolote.org\\\/content\\\/es\\\/donar-2\\\/\"]}]},{\"@type\":\"ImageObject\",\"inLanguage\":\"en\",\"@id\":\"https:\\\/\\\/eltecolote.org\\\/content\\\/es\\\/donar-2\\\/#primaryimage\",\"url\":\"http:\\\/\\\/eltecolote.iamryfl.com\\\/wp-content\\\/uploads\\\/2014\\\/07\\\/el-tecolote_donate.png\",\"contentUrl\":\"http:\\\/\\\/eltecolote.iamryfl.com\\\/wp-content\\\/uploads\\\/2014\\\/07\\\/el-tecolote_donate.png\"},{\"@type\":\"WebSite\",\"@id\":\"https:\\\/\\\/eltecolote.org\\\/content\\\/#website\",\"url\":\"https:\\\/\\\/eltecolote.org\\\/content\\\/\",\"name\":\"El Tecolote\",\"description\":\"San Francisco's Latinx newspaper since 1970\",\"publisher\":{\"@id\":\"https:\\\/\\\/eltecolote.org\\\/content\\\/#organization\"},\"potentialAction\":[{\"@type\":\"SearchAction\",\"target\":{\"@type\":\"EntryPoint\",\"urlTemplate\":\"https:\\\/\\\/eltecolote.org\\\/content\\\/?s={search_term_string}\"},\"query-input\":{\"@type\":\"PropertyValueSpecification\",\"valueRequired\":true,\"valueName\":\"search_term_string\"}}],\"inLanguage\":\"en\"},{\"@type\":\"Organization\",\"@id\":\"https:\\\/\\\/eltecolote.org\\\/content\\\/#organization\",\"name\":\"El Tecolote\",\"url\":\"https:\\\/\\\/eltecolote.org\\\/content\\\/\",\"logo\":{\"@type\":\"ImageObject\",\"inLanguage\":\"en\",\"@id\":\"https:\\\/\\\/eltecolote.org\\\/content\\\/#\\\/schema\\\/logo\\\/image\\\/\",\"url\":\"https:\\\/\\\/i0.wp.com\\\/eltecolote.org\\\/content\\\/wp-content\\\/uploads\\\/2021\\\/05\\\/ETlogo-1.jpg?fit=400%2C400&ssl=1\",\"contentUrl\":\"https:\\\/\\\/i0.wp.com\\\/eltecolote.org\\\/content\\\/wp-content\\\/uploads\\\/2021\\\/05\\\/ETlogo-1.jpg?fit=400%2C400&ssl=1\",\"width\":400,\"height\":400,\"caption\":\"El Tecolote\"},\"image\":{\"@id\":\"https:\\\/\\\/eltecolote.org\\\/content\\\/#\\\/schema\\\/logo\\\/image\\\/\"},\"sameAs\":[\"https:\\\/\\\/www.facebook.com\\\/ElTecoloteSF\\\/\",\"https:\\\/\\\/x.com\\\/eltecolotesf\",\"https:\\\/\\\/www.instagram.com\\\/eltecolotesf\\\/\"]}]}<\/script>\n<!-- \/ Yoast SEO plugin. -->","yoast_head_json":{"title":"Donar - El Tecolote","description":"H\u00e1ganse amigos con El Tecolote. Adem\u00e1s de cubrir noticias, El Tecolote ofrece entrenamiento period\u00edstico para estudiantes y personas de la comunidad,","robots":{"index":"index","follow":"follow","max-snippet":"max-snippet:-1","max-image-preview":"max-image-preview:large","max-video-preview":"max-video-preview:-1"},"canonical":"https:\/\/eltecolote.org\/content\/es\/donar-2\/","og_locale":"en_US","og_type":"article","og_title":"Donar - El Tecolote","og_description":"H\u00e1ganse amigos con El Tecolote. Adem\u00e1s de cubrir noticias, El Tecolote ofrece entrenamiento period\u00edstico para estudiantes y personas de la comunidad,","og_url":"https:\/\/eltecolote.org\/content\/es\/donar-2\/","og_site_name":"El Tecolote","article_publisher":"https:\/\/www.facebook.com\/ElTecoloteSF\/","og_image":[{"url":"http:\/\/eltecolote.iamryfl.com\/wp-content\/uploads\/2014\/07\/el-tecolote_donate.png","type":"","width":"","height":""}],"twitter_card":"summary_large_image","twitter_site":"@eltecolotesf","twitter_misc":{"Est. reading time":"1 minute","Written by":"El Tecolote Staff"},"schema":{"@context":"https:\/\/schema.org","@graph":[{"@type":"WebPage","@id":"https:\/\/eltecolote.org\/content\/es\/donar-2\/","url":"https:\/\/eltecolote.org\/content\/es\/donar-2\/","name":"Donar - El Tecolote","isPartOf":{"@id":"https:\/\/eltecolote.org\/content\/#website"},"primaryImageOfPage":{"@id":"https:\/\/eltecolote.org\/content\/es\/donar-2\/#primaryimage"},"image":{"@id":"https:\/\/eltecolote.org\/content\/es\/donar-2\/#primaryimage"},"thumbnailUrl":"http:\/\/eltecolote.iamryfl.com\/wp-content\/uploads\/2014\/07\/el-tecolote_donate.png","datePublished":"2014-11-05T07:59:47+00:00","description":"H\u00e1ganse amigos con El Tecolote. Adem\u00e1s de cubrir noticias, El Tecolote ofrece entrenamiento period\u00edstico para estudiantes y personas de la comunidad,","inLanguage":"en","potentialAction":[{"@type":"ReadAction","target":["https:\/\/eltecolote.org\/content\/es\/donar-2\/"]}]},{"@type":"ImageObject","inLanguage":"en","@id":"https:\/\/eltecolote.org\/content\/es\/donar-2\/#primaryimage","url":"http:\/\/eltecolote.iamryfl.com\/wp-content\/uploads\/2014\/07\/el-tecolote_donate.png","contentUrl":"http:\/\/eltecolote.iamryfl.com\/wp-content\/uploads\/2014\/07\/el-tecolote_donate.png"},{"@type":"WebSite","@id":"https:\/\/eltecolote.org\/content\/#website","url":"https:\/\/eltecolote.org\/content\/","name":"El Tecolote","description":"San Francisco's Latinx newspaper since 1970","publisher":{"@id":"https:\/\/eltecolote.org\/content\/#organization"},"potentialAction":[{"@type":"SearchAction","target":{"@type":"EntryPoint","urlTemplate":"https:\/\/eltecolote.org\/content\/?s={search_term_string}"},"query-input":{"@type":"PropertyValueSpecification","valueRequired":true,"valueName":"search_term_string"}}],"inLanguage":"en"},{"@type":"Organization","@id":"https:\/\/eltecolote.org\/content\/#organization","name":"El Tecolote","url":"https:\/\/eltecolote.org\/content\/","logo":{"@type":"ImageObject","inLanguage":"en","@id":"https:\/\/eltecolote.org\/content\/#\/schema\/logo\/image\/","url":"https:\/\/i0.wp.com\/eltecolote.org\/content\/wp-content\/uploads\/2021\/05\/ETlogo-1.jpg?fit=400%2C400&ssl=1","contentUrl":"https:\/\/i0.wp.com\/eltecolote.org\/content\/wp-content\/uploads\/2021\/05\/ETlogo-1.jpg?fit=400%2C400&ssl=1","width":400,"height":400,"caption":"El Tecolote"},"image":{"@id":"https:\/\/eltecolote.org\/content\/#\/schema\/logo\/image\/"},"sameAs":["https:\/\/www.facebook.com\/ElTecoloteSF\/","https:\/\/x.com\/eltecolotesf","https:\/\/www.instagram.com\/eltecolotesf\/"]}]}},"distributor_meta":false,"distributor_terms":false,"distributor_media":false,"distributor_original_site_name":"El Tecolote","distributor_original_site_url":"https:\/\/eltecolote.org\/content","push-errors":false,"_links":{"self":[{"href":"https:\/\/eltecolote.org\/content\/wp-json\/wp\/v2\/pages\/24818","targetHints":{"allow":["GET"]}}],"collection":[{"href":"https:\/\/eltecolote.org\/content\/wp-json\/wp\/v2\/pages"}],"about":[{"href":"https:\/\/eltecolote.org\/content\/wp-json\/wp\/v2\/types\/page"}],"author":[{"embeddable":true,"href":"https:\/\/eltecolote.org\/content\/wp-json\/wp\/v2\/users\/35"}],"replies":[{"embeddable":true,"href":"https:\/\/eltecolote.org\/content\/wp-json\/wp\/v2\/comments?post=24818"}],"version-history":[{"count":0,"href":"https:\/\/eltecolote.org\/content\/wp-json\/wp\/v2\/pages\/24818\/revisions"}],"wp:attachment":[{"href":"https:\/\/eltecolote.org\/content\/wp-json\/wp\/v2\/media?parent=24818"}],"wp:term":[{"taxonomy":"author","embeddable":true,"href":"https:\/\/eltecolote.org\/content\/wp-json\/wp\/v2\/coauthors?post=24818"}],"curies":[{"name":"wp","href":"https:\/\/api.w.org\/{rel}","templated":true}]}}